{"id":30,"date":"2017-03-23T10:25:19","date_gmt":"2017-03-23T10:25:19","guid":{"rendered":"http:\/\/bestforminrekordzeit.de\/?page_id=30"},"modified":"2023-03-30T12:54:31","modified_gmt":"2023-03-30T12:54:31","slug":"home","status":"publish","type":"page","link":"http:\/\/gesundheitsstudio-jms.de\/","title":{"rendered":"Home"},"content":{"rendered":"\n<p><strong><mark style=\"background-color:#8ed1fc\" class=\"has-inline-color has-vivid-red-color\">Diese Seite wird derzeit akualisiert<\/mark><\/strong><\/p>\n\n\n\n<p><\/p>\n\n\n<h2 style=\"text-align: center;\">Fit mit Vibro, Vacu Power und EMS<\/h2>\n<h4 style=\"text-align: center;\">Ein Training, dass dich zeiteffizient und erfolgreich fit werden l\u00e4sst.<\/h4>\n<h4 style=\"text-align: center;\">Ein Training, mit dem du deinen ganzen K\u00f6rper in 20-30 Minuten<\/h4>\n<h4 style=\"text-align: center;\">mit 1-2 Trainingseinheiten pro Woche fit machst.<\/h4>\n<h2 style=\"text-align: center;\"><span style=\"color: #00ff00;\">\u00a0<\/span><\/h2>\n<h4 style=\"text-align: center;\"><span style=\"color: #3366ff;\">\u00a0Gesundheitsstudio<\/span><\/h4>\n<h4 style=\"text-align: center;\"><span style=\"color: #3366ff;\">Bestform\u00a0<\/span><\/h4>\n<h4 style=\"text-align: center;\">\u00a0<\/h4>\n<h4 style=\"text-align: center;\"><span style=\"color: #3366ff;\">56218 M\u00fclheim-K\u00e4rlich<\/span><\/h4>\n<h4 style=\"text-align: center;\"><span style=\"color: #3366ff;\">Tel.: 02632 242923<\/span><\/h4>\n<h4 style=\"text-align: center;\"><span style=\"color: #3366ff;\"><em><strong>per WhatsApp (Anruf nicht m\u00f6glich) erreichbar: <\/strong><\/em><\/span><\/h4>\n<h3 style=\"text-align: center;\"><span style=\"color: #3366ff;\"><em><strong>+49 1511 8376 720<\/strong><\/em><\/span><\/h3>\n<h4 style=\"text-align: center;\"><span style=\"color: #3366ff;\">Email: be-yourself@email.de<\/span><\/h4>\n<p style=\"text-align: center;\">\u00a0<\/p>\n<h6 style=\"text-align: center;\">Wir arbeiten (fast) ausschlie\u00dflich nach Terminen, so ist die bestm\u00f6gliche Betreuung gew\u00e4hrleistet.<\/h6>\n<h6 style=\"text-align: center;\">Bitte vereinbart mit uns einen Termin, entweder pers\u00f6nlich und gerne auch telefonisch.<\/h6>","protected":false},"excerpt":{"rendered":"<p>Diese Seite wird derzeit akualisiert Fit mit Vibro, Vacu Power und EMS Ein Training, dass dich zeiteffizient und erfolgreich fit werden l\u00e4sst. [&hellip;]<\/p>\n","protected":false},"author":1,"featured_media":320,"parent":0,"menu_order":0,"comment_status":"closed","ping_status":"closed","template":"","meta":{"footnotes":""},"class_list":["post-30","page","type-page","status-publish","has-post-thumbnail","hentry"],"_links":{"self":[{"href":"http:\/\/gesundheitsstudio-jms.de\/index.php?rest_route=\/wp\/v2\/pages\/30","targetHints":{"allow":["GET"]}}],"collection":[{"href":"http:\/\/gesundheitsstudio-jms.de\/index.php?rest_route=\/wp\/v2\/pages"}],"about":[{"href":"http:\/\/gesundheitsstudio-jms.de\/index.php?rest_route=\/wp\/v2\/types\/page"}],"author":[{"embeddable":true,"href":"http:\/\/gesundheitsstudio-jms.de\/index.php?rest_route=\/wp\/v2\/users\/1"}],"replies":[{"embeddable":true,"href":"http:\/\/gesundheitsstudio-jms.de\/index.php?rest_route=%2Fwp%2Fv2%2Fcomments&post=30"}],"version-history":[{"count":32,"href":"http:\/\/gesundheitsstudio-jms.de\/index.php?rest_route=\/wp\/v2\/pages\/30\/revisions"}],"predecessor-version":[{"id":352,"href":"http:\/\/gesundheitsstudio-jms.de\/index.php?rest_route=\/wp\/v2\/pages\/30\/revisions\/352"}],"wp:featuredmedia":[{"embeddable":true,"href":"http:\/\/gesundheitsstudio-jms.de\/index.php?rest_route=\/wp\/v2\/media\/320"}],"wp:attachment":[{"href":"http:\/\/gesundheitsstudio-jms.de\/index.php?rest_route=%2Fwp%2Fv2%2Fmedia&parent=30"}],"curies":[{"name":"wp","href":"https:\/\/api.w.org\/{rel}","templated":true}]}}