{"id":271,"date":"2018-05-14T16:40:30","date_gmt":"2018-05-14T16:40:30","guid":{"rendered":"http:\/\/bestforminrekordzeit.de\/?page_id=271"},"modified":"2022-01-09T15:18:03","modified_gmt":"2022-01-09T15:18:03","slug":"wir-haben-etwas-gegen-rueckenschmerzen","status":"publish","type":"page","link":"http:\/\/gesundheitsstudio-jms.de\/?page_id=271","title":{"rendered":"Beckenbodentraining mit EEMA"},"content":{"rendered":"<p><a title=\"Der Beckenboden\" href=\"https:\/\/www.beckenboden-gesundheit.org\/beckenbodengesundheit\/der-beckenboden\/\">Der Beckenboden<\/a> ist eines der zentral gelegenen Systeme unseres K\u00f6rpers.<\/p>\n<p>Er st\u00fctzt die Beckenorgane und ist ma\u00dfgeblich an der Kontinenz beteiligt.<\/p>\n<p>Ein starker Beckenboden ist damit auch ein St\u00fcckweit Lebensqualit\u00e4t.<\/p>\n<p>Mittels der Externen Elektrischen Muskel-Aktivierung (EEMA) k\u00f6nnen wir ihnen eine Form der Beckenbodentherapie anbieten. W\u00e4hrend des Trainings wird die Beckenbodenmuskulatur mittels modulierter Mittelfrequenz durch den Strom aktiviert. Hierdurch wird ein eine erh\u00f6hte Wahrnehmung erreicht.<\/p>\n<p>Die Qualifikation zur elektrotherapeutischen Behandlung von Beckenbodenfunktionsst\u00f6rungen mit mittelfrequenter Elektrotherapie wurde erworben bei Dr. Armin Fischer (Gyn\u00e4kologie und Geburtshilfe Eschwege), Alexander Lehmann (Wiesbaden) sowie Verein f\u00fcr deutsche Gesellschaft f\u00fcr Beckenbodengesundheit e.V.<\/p>\n<pre id=\"cc-m-header-13038575735\"><\/pre>\n","protected":false},"excerpt":{"rendered":"<p>Der Beckenboden ist eines der zentral gelegenen Systeme unseres K\u00f6rpers. Er st\u00fctzt die Beckenorgane und ist ma\u00dfgeblich an der Kontinenz beteiligt. Ein [&hellip;]<\/p>\n","protected":false},"author":1,"featured_media":320,"parent":0,"menu_order":0,"comment_status":"closed","ping_status":"closed","template":"","meta":{"footnotes":""},"class_list":["post-271","page","type-page","status-publish","has-post-thumbnail","hentry"],"_links":{"self":[{"href":"http:\/\/gesundheitsstudio-jms.de\/index.php?rest_route=\/wp\/v2\/pages\/271","targetHints":{"allow":["GET"]}}],"collection":[{"href":"http:\/\/gesundheitsstudio-jms.de\/index.php?rest_route=\/wp\/v2\/pages"}],"about":[{"href":"http:\/\/gesundheitsstudio-jms.de\/index.php?rest_route=\/wp\/v2\/types\/page"}],"author":[{"embeddable":true,"href":"http:\/\/gesundheitsstudio-jms.de\/index.php?rest_route=\/wp\/v2\/users\/1"}],"replies":[{"embeddable":true,"href":"http:\/\/gesundheitsstudio-jms.de\/index.php?rest_route=%2Fwp%2Fv2%2Fcomments&post=271"}],"version-history":[{"count":12,"href":"http:\/\/gesundheitsstudio-jms.de\/index.php?rest_route=\/wp\/v2\/pages\/271\/revisions"}],"predecessor-version":[{"id":335,"href":"http:\/\/gesundheitsstudio-jms.de\/index.php?rest_route=\/wp\/v2\/pages\/271\/revisions\/335"}],"wp:featuredmedia":[{"embeddable":true,"href":"http:\/\/gesundheitsstudio-jms.de\/index.php?rest_route=\/wp\/v2\/media\/320"}],"wp:attachment":[{"href":"http:\/\/gesundheitsstudio-jms.de\/index.php?rest_route=%2Fwp%2Fv2%2Fmedia&parent=271"}],"curies":[{"name":"wp","href":"https:\/\/api.w.org\/{rel}","templated":true}]}}