{"id":19,"date":"2017-04-16T09:49:13","date_gmt":"2017-04-16T09:49:13","guid":{"rendered":"http:\/\/bestforminrekordzeit.de\/?page_id=19"},"modified":"2017-05-12T16:20:38","modified_gmt":"2017-05-12T16:20:38","slug":"fit-mit-ems","status":"publish","type":"page","link":"http:\/\/gesundheitsstudio-jms.de\/?page_id=19","title":{"rendered":"Fit mit EMS"},"content":{"rendered":"<p>Stromtraining, EMS oder auch EMA, alles beschreibt effektives Training mit einem Ger\u00e4t, dass entweder niederfrequenten Reizstrom oder modulierte Mittelfrequenz zur Muskelstimulation verwendet.<\/p>\n<p>Ger\u00e4te, die mit niederfrequentem Reizstrom arbeiten, wirken ausschlie\u00dflich auf motorische Nerven. W\u00e4hrend Ger\u00e4te, bei denen modulierte Mittelfrequenz eingesetzt wird, der Reiz direkt an der Muskelzelle wirkt, in der auch der Muskelaufbau entsteht.<\/p>\n<p>Mit einem zweimaligen Training von 20-30 Minuten pro Woche kann zwar nicht in &#8222;Rekordzeit eine Bestform&#8220; erreicht werden, jedoch in relativ kurzer Zeit ein Muskelaufbau und somit ein Fettabbau erzielt werden. Da unsere Ger\u00e4te mit Mittelfrequenz arbeiten.<\/p>\n<p>Trainingserfolge von Kundinnen die f\u00fcr z.B. einen Halb &#8211; Marathon trainieren, oder auch eine Umfangreduzierung der Oberschenkel als Ziel hatten, sprechen f\u00fcr sich.<\/p>\n<p>Vereinbart einen Termin und startet ein kostenfreies Probetraining mit EMS.<\/p>\n<p>&nbsp;<\/p>\n<p>&nbsp;<\/p>\n<p><em>\u00a0<\/em><\/p>\n","protected":false},"excerpt":{"rendered":"<p>Stromtraining, EMS oder auch EMA, alles beschreibt effektives Training mit einem Ger\u00e4t, dass entweder niederfrequenten Reizstrom oder modulierte Mittelfrequenz zur Muskelstimulation verwendet. [&hellip;]<\/p>\n","protected":false},"author":1,"featured_media":0,"parent":0,"menu_order":0,"comment_status":"closed","ping_status":"closed","template":"","meta":{"footnotes":""},"class_list":["post-19","page","type-page","status-publish","hentry"],"_links":{"self":[{"href":"http:\/\/gesundheitsstudio-jms.de\/index.php?rest_route=\/wp\/v2\/pages\/19","targetHints":{"allow":["GET"]}}],"collection":[{"href":"http:\/\/gesundheitsstudio-jms.de\/index.php?rest_route=\/wp\/v2\/pages"}],"about":[{"href":"http:\/\/gesundheitsstudio-jms.de\/index.php?rest_route=\/wp\/v2\/types\/page"}],"author":[{"embeddable":true,"href":"http:\/\/gesundheitsstudio-jms.de\/index.php?rest_route=\/wp\/v2\/users\/1"}],"replies":[{"embeddable":true,"href":"http:\/\/gesundheitsstudio-jms.de\/index.php?rest_route=%2Fwp%2Fv2%2Fcomments&post=19"}],"version-history":[{"count":7,"href":"http:\/\/gesundheitsstudio-jms.de\/index.php?rest_route=\/wp\/v2\/pages\/19\/revisions"}],"predecessor-version":[{"id":150,"href":"http:\/\/gesundheitsstudio-jms.de\/index.php?rest_route=\/wp\/v2\/pages\/19\/revisions\/150"}],"wp:attachment":[{"href":"http:\/\/gesundheitsstudio-jms.de\/index.php?rest_route=%2Fwp%2Fv2%2Fmedia&parent=19"}],"curies":[{"name":"wp","href":"https:\/\/api.w.org\/{rel}","templated":true}]}}